{"id":7890,"date":"2025-04-17T13:51:55","date_gmt":"2025-04-17T11:51:55","guid":{"rendered":"https:\/\/ecotous.tn\/%d9%84%d8%ac%d9%86%d8%a9-%d8%a7%d9%84%d8%ae%d8%a8%d8%b1%d8%a7%d8%a1-%d8%a7%d9%84%d8%b9%d9%84%d9%85%d9%8a%d8%a9\/m-majdi-hassen\/"},"modified":"2025-04-17T13:51:55","modified_gmt":"2025-04-17T11:51:55","slug":"m-majdi-hassen","status":"publish","type":"page","link":"https:\/\/ecotous.tn\/ar\/%d9%84%d8%ac%d9%86%d8%a9-%d8%a7%d9%84%d8%ae%d8%a8%d8%b1%d8%a7%d8%a1-%d8%a7%d9%84%d8%b9%d9%84%d9%85%d9%8a%d8%a9\/m-majdi-hassen\/","title":{"rendered":"M. Majdi Hassen"},"content":{"rendered":"\t\t<div data-elementor-type=\"wp-page\" data-elementor-id=\"7890\" class=\"elementor elementor-7890\">\n\t\t\t\t\t\t<section data-particle_enable=\"true\" class=\"eael-section-particles-710a29e8 elementor-section elementor-top-section elementor-element elementor-element-710a29e8 elementor-section-boxed elementor-section-height-default elementor-section-height-default\" data-eael_ptheme_source=\"presets\" data-preset_theme=\"nasa\" data-custom_style=\"\" data-particle_opacity=\"0.19\" data-particle_speed=\"2\" data-particle-mobile-disabled=\"false\" data-id=\"710a29e8\" data-element_type=\"section\" id=\"cta-section\" data-settings=\"{&quot;background_background&quot;:&quot;classic&quot;}\">\n\t\t\t\t\t\t<div class=\"elementor-container elementor-column-gap-default\">\n\t\t\t\t\t<div class=\"elementor-column elementor-col-100 elementor-top-column elementor-element elementor-element-5c2c984e\" data-id=\"5c2c984e\" data-element_type=\"column\">\n\t\t\t<div class=\"elementor-widget-wrap elementor-element-populated\">\n\t\t\t\t\t\t<section data-particle_enable=\"false\" data-particle-mobile-disabled=\"false\" class=\"elementor-section elementor-inner-section elementor-element elementor-element-63f04a0a elementor-section-boxed elementor-section-height-default elementor-section-height-default\" data-id=\"63f04a0a\" data-element_type=\"section\">\n\t\t\t\t\t\t<div class=\"elementor-container elementor-column-gap-default\">\n\t\t\t\t\t<div class=\"elementor-column elementor-col-100 elementor-inner-column elementor-element elementor-element-a217ed7\" data-id=\"a217ed7\" data-element_type=\"column\">\n\t\t\t<div class=\"elementor-widget-wrap elementor-element-populated\">\n\t\t\t\t\t\t<div class=\"elementor-element elementor-element-298cc166 animated-slow elementor-invisible elementor-widget elementor-widget-heading\" data-id=\"298cc166\" data-element_type=\"widget\" data-settings=\"{&quot;_animation&quot;:&quot;fadeInUp&quot;}\" data-widget_type=\"heading.default\">\n\t\t\t\t<div class=\"elementor-widget-container\">\n\t\t\t\t\t<h2 class=\"elementor-heading-title elementor-size-default\">M. Majdi Hassen<\/h2>\t\t\t\t<\/div>\n\t\t\t\t<\/div>\n\t\t\t\t\t<\/div>\n\t\t<\/div>\n\t\t\t\t\t<\/div>\n\t\t<\/section>\n\t\t\t\t\t<\/div>\n\t\t<\/div>\n\t\t\t\t\t<\/div>\n\t\t<\/section>\n\t\t            <style>\n                .elementor-element-710a29e8.eael-particles-section > canvas {\n                    z-index: -1;\n                    position: absolute;\n                    top:0;\n                }\n            <\/style>\n        <div data-particle_enable=\"false\" data-particle-mobile-disabled=\"false\" class=\"elementor-element elementor-element-3489900 e-flex e-con-boxed e-con e-parent\" data-id=\"3489900\" data-element_type=\"container\">\n\t\t\t\t\t<div class=\"e-con-inner\">\n\t\t\t\t<div class=\"elementor-element elementor-element-640dab8 elementor-widget elementor-widget-text-editor\" data-id=\"640dab8\" data-element_type=\"widget\" data-widget_type=\"text-editor.default\">\n\t\t\t\t<div class=\"elementor-widget-container\">\n\t\t\t\t\t\t\t\t\t<!DOCTYPE html>\n<html lang=\"fr\">\n<head>\n  <meta charset=\"UTF-8\">\n  <title>Biographie de Majdi Hassen<\/title>\n  <style>\n    body {\n      font-family: 'Segoe UI', Tahoma, Geneva, Verdana, sans-serif;\n      background: #f9f9f9;\n      margin: 0;\n      padding: 0;\n    }\n    .profile-card {\n      max-width: 800px;\n      margin: 40px auto;\n      background-color: #fff;\n      border-radius: 12px;\n      box-shadow: 0 8px 16px rgba(0,0,0,0.1);\n      padding: 30px 40px;\n      line-height: 1.6;\n    }\n    .profile-header {\n      text-align: center;\n      margin-bottom: 25px;\n    }\n    .profile-header h2 {\n      font-size: 18px;\n      font-weight: normal;\n      color: #7f8c8d;\n      margin-top: 5px;\n    }\n    .profile-content p {\n      font-size: 16px;\n      color: #333;\n      margin-bottom: 15px;\n    }\n    .highlight {\n      color: #2980b9;\n      font-weight: 600;\n    }\n  <\/style>\n<\/head>\n<body>\n\n  <div class=\"profile-card\">\n    <div class=\"profile-header\">\n      <h2>Directeur ex\u00e9cutif &#038; Enseignant universitaire <\/h2>\n    <\/div>\n    <div class=\"profile-content\">\n      <p><span class=\"highlight\">Majdi Hassen<\/span> est directeur ex\u00e9cutif de l\u2019<strong>IACE<\/strong>, un think tank ind\u00e9pendant bas\u00e9 \u00e0 Tunis, dont la mission est d\u2019am\u00e9liorer le climat des affaires pour le secteur priv\u00e9.<\/p>\n\n      <p>Il dispose de plus de <strong>20 ans d\u2019exp\u00e9rience<\/strong> en tant que <span class=\"highlight\">consultant<\/span> aupr\u00e8s du secteur priv\u00e9 tunisien.<\/p>\n\n      <p>Il intervient \u00e9galement comme <strong>formateur et consultant en advocacy<\/strong>, \u00e0 l\u2019\u00e9chelle nationale et internationale. Depuis <strong>2015<\/strong>, il est responsable de l\u2019\u00e9laboration du <strong>rapport annuel sur l\u2019emploi<\/strong> de l\u2019IACE.<\/p>\n\n      <p>Depuis 1999, il enseigne dans plusieurs \u00e9tablissements : <strong>ESSECT<\/strong>, <strong>TBS<\/strong>, <strong>ENA Tunis<\/strong>, <strong>ENA Paris<\/strong>. Il est aussi membre du <strong>conseil strat\u00e9gique<\/strong> de l\u2019<strong>Instance nationale de l\u2019Investissement<\/strong>.<\/p>\n    <\/div>\n  <\/div>\n\n<\/body>\n<\/html>\n\t\t\t\t\t\t\t\t<\/div>\n\t\t\t\t<\/div>\n\t\t\t\t\t<\/div>\n\t\t\t\t<\/div>\n\t\t\t\t<\/div>\n\t\t","protected":false},"excerpt":{"rendered":"<p>M. Majdi Hassen Biographie de Majdi Hassen Directeur ex\u00e9cutif &#038; Enseignant universitaire Majdi Hassen est directeur ex\u00e9cutif de l\u2019IACE, un think tank ind\u00e9pendant bas\u00e9 \u00e0 Tunis, dont la mission est d\u2019am\u00e9liorer le climat des affaires pour le secteur priv\u00e9. Il dispose de plus de 20 ans d\u2019exp\u00e9rience en tant que consultant aupr\u00e8s du secteur priv\u00e9 [&hellip;]<\/p>\n","protected":false},"author":1,"featured_media":0,"parent":7872,"menu_order":0,"comment_status":"closed","ping_status":"closed","template":"","meta":{"footnotes":""},"class_list":["post-7890","page","type-page","status-publish"],"yoast_head":"<!-- This site is optimized with the Yoast SEO plugin v25.3.1 - https:\/\/yoast.com\/wordpress\/plugins\/seo\/ -->\n<title>M. Majdi Hassen - Ecotous<\/title>\n<meta name=\"robots\" content=\"index, follow, max-snippet:-1, max-image-preview:large, max-video-preview:-1\" \/>\n<link rel=\"canonical\" href=\"https:\/\/ecotous.tn\/\u0644\u062c\u0646\u0629-\u0627\u0644\u062e\u0628\u0631\u0627\u0621-\u0627\u0644\u0639\u0644\u0645\u064a\u0629\/m-majdi-hassen\/\" \/>\n<meta property=\"og:locale\" content=\"ar_AR\" \/>\n<meta property=\"og:type\" content=\"article\" \/>\n<meta property=\"og:title\" content=\"M. Majdi Hassen - Ecotous\" \/>\n<meta property=\"og:description\" content=\"M. Majdi Hassen Biographie de Majdi Hassen Directeur ex\u00e9cutif &#038; Enseignant universitaire Majdi Hassen est directeur ex\u00e9cutif de l\u2019IACE, un think tank ind\u00e9pendant bas\u00e9 \u00e0 Tunis, dont la mission est d\u2019am\u00e9liorer le climat des affaires pour le secteur priv\u00e9. Il dispose de plus de 20 ans d\u2019exp\u00e9rience en tant que consultant aupr\u00e8s du secteur priv\u00e9 [&hellip;]\" \/>\n<meta property=\"og:url\" content=\"https:\/\/ecotous.tn\/\u0644\u062c\u0646\u0629-\u0627\u0644\u062e\u0628\u0631\u0627\u0621-\u0627\u0644\u0639\u0644\u0645\u064a\u0629\/m-majdi-hassen\/\" \/>\n<meta property=\"og:site_name\" content=\"Ecotous\" \/>\n<meta name=\"twitter:card\" content=\"summary_large_image\" \/>\n<meta name=\"twitter:label1\" content=\"\u0648\u0642\u062a \u0627\u0644\u0642\u0631\u0627\u0621\u0629 \u0627\u0644\u0645\u064f\u0642\u062f\u0651\u0631\" \/>\n\t<meta name=\"twitter:data1\" content=\"\u062f\u0642\u064a\u0642\u0629 \u0648\u0627\u062d\u062f\u0629\" \/>\n<script type=\"application\/ld+json\" class=\"yoast-schema-graph\">{\"@context\":\"https:\/\/schema.org\",\"@graph\":[{\"@type\":\"WebPage\",\"@id\":\"https:\/\/ecotous.tn\/%d9%84%d8%ac%d9%86%d8%a9-%d8%a7%d9%84%d8%ae%d8%a8%d8%b1%d8%a7%d8%a1-%d8%a7%d9%84%d8%b9%d9%84%d9%85%d9%8a%d8%a9\/m-majdi-hassen\/\",\"url\":\"https:\/\/ecotous.tn\/%d9%84%d8%ac%d9%86%d8%a9-%d8%a7%d9%84%d8%ae%d8%a8%d8%b1%d8%a7%d8%a1-%d8%a7%d9%84%d8%b9%d9%84%d9%85%d9%8a%d8%a9\/m-majdi-hassen\/\",\"name\":\"M. Majdi Hassen - Ecotous\",\"isPartOf\":{\"@id\":\"https:\/\/ecotous.tn\/#website\"},\"datePublished\":\"2025-04-17T11:51:55+00:00\",\"breadcrumb\":{\"@id\":\"https:\/\/ecotous.tn\/%d9%84%d8%ac%d9%86%d8%a9-%d8%a7%d9%84%d8%ae%d8%a8%d8%b1%d8%a7%d8%a1-%d8%a7%d9%84%d8%b9%d9%84%d9%85%d9%8a%d8%a9\/m-majdi-hassen\/#breadcrumb\"},\"inLanguage\":\"ar\",\"potentialAction\":[{\"@type\":\"ReadAction\",\"target\":[\"https:\/\/ecotous.tn\/%d9%84%d8%ac%d9%86%d8%a9-%d8%a7%d9%84%d8%ae%d8%a8%d8%b1%d8%a7%d8%a1-%d8%a7%d9%84%d8%b9%d9%84%d9%85%d9%8a%d8%a9\/m-majdi-hassen\/\"]}]},{\"@type\":\"BreadcrumbList\",\"@id\":\"https:\/\/ecotous.tn\/%d9%84%d8%ac%d9%86%d8%a9-%d8%a7%d9%84%d8%ae%d8%a8%d8%b1%d8%a7%d8%a1-%d8%a7%d9%84%d8%b9%d9%84%d9%85%d9%8a%d8%a9\/m-majdi-hassen\/#breadcrumb\",\"itemListElement\":[{\"@type\":\"ListItem\",\"position\":1,\"name\":\"Accueil\",\"item\":\"https:\/\/ecotous.tn\/\"},{\"@type\":\"ListItem\",\"position\":2,\"name\":\"\u0644\u062c\u0646\u0629 \u0627\u0644\u062e\u0628\u0631\u0627\u0621 \u0627\u0644\u0639\u0644\u0645\u064a\u0629\",\"item\":\"https:\/\/ecotous.tn\/ar\/%d9%84%d8%ac%d9%86%d8%a9-%d8%a7%d9%84%d8%ae%d8%a8%d8%b1%d8%a7%d8%a1-%d8%a7%d9%84%d8%b9%d9%84%d9%85%d9%8a%d8%a9\/\"},{\"@type\":\"ListItem\",\"position\":3,\"name\":\"M. Majdi Hassen\"}]},{\"@type\":\"WebSite\",\"@id\":\"https:\/\/ecotous.tn\/#website\",\"url\":\"https:\/\/ecotous.tn\/\",\"name\":\"Ecotous\",\"description\":\"La recherche \u00e9conomique \u00e0 la port\u00e9e de tous\u200b\",\"publisher\":{\"@id\":\"https:\/\/ecotous.tn\/#organization\"},\"potentialAction\":[{\"@type\":\"SearchAction\",\"target\":{\"@type\":\"EntryPoint\",\"urlTemplate\":\"https:\/\/ecotous.tn\/?s={search_term_string}\"},\"query-input\":{\"@type\":\"PropertyValueSpecification\",\"valueRequired\":true,\"valueName\":\"search_term_string\"}}],\"inLanguage\":\"ar\"},{\"@type\":\"Organization\",\"@id\":\"https:\/\/ecotous.tn\/#organization\",\"name\":\"Ecotous\",\"url\":\"https:\/\/ecotous.tn\/\",\"logo\":{\"@type\":\"ImageObject\",\"inLanguage\":\"ar\",\"@id\":\"https:\/\/ecotous.tn\/#\/schema\/logo\/image\/\",\"url\":\"https:\/\/ecotous.tn\/wp-content\/uploads\/2024\/03\/7d52d007-peny-grow-logo.png\",\"contentUrl\":\"https:\/\/ecotous.tn\/wp-content\/uploads\/2024\/03\/7d52d007-peny-grow-logo.png\",\"width\":296,\"height\":60,\"caption\":\"Ecotous\"},\"image\":{\"@id\":\"https:\/\/ecotous.tn\/#\/schema\/logo\/image\/\"}}]}<\/script>\n<!-- \/ Yoast SEO plugin. -->","yoast_head_json":{"title":"M. Majdi Hassen - Ecotous","robots":{"index":"index","follow":"follow","max-snippet":"max-snippet:-1","max-image-preview":"max-image-preview:large","max-video-preview":"max-video-preview:-1"},"canonical":"https:\/\/ecotous.tn\/\u0644\u062c\u0646\u0629-\u0627\u0644\u062e\u0628\u0631\u0627\u0621-\u0627\u0644\u0639\u0644\u0645\u064a\u0629\/m-majdi-hassen\/","og_locale":"ar_AR","og_type":"article","og_title":"M. Majdi Hassen - Ecotous","og_description":"M. Majdi Hassen Biographie de Majdi Hassen Directeur ex\u00e9cutif &#038; Enseignant universitaire Majdi Hassen est directeur ex\u00e9cutif de l\u2019IACE, un think tank ind\u00e9pendant bas\u00e9 \u00e0 Tunis, dont la mission est d\u2019am\u00e9liorer le climat des affaires pour le secteur priv\u00e9. Il dispose de plus de 20 ans d\u2019exp\u00e9rience en tant que consultant aupr\u00e8s du secteur priv\u00e9 [&hellip;]","og_url":"https:\/\/ecotous.tn\/\u0644\u062c\u0646\u0629-\u0627\u0644\u062e\u0628\u0631\u0627\u0621-\u0627\u0644\u0639\u0644\u0645\u064a\u0629\/m-majdi-hassen\/","og_site_name":"Ecotous","twitter_card":"summary_large_image","twitter_misc":{"\u0648\u0642\u062a \u0627\u0644\u0642\u0631\u0627\u0621\u0629 \u0627\u0644\u0645\u064f\u0642\u062f\u0651\u0631":"\u062f\u0642\u064a\u0642\u0629 \u0648\u0627\u062d\u062f\u0629"},"schema":{"@context":"https:\/\/schema.org","@graph":[{"@type":"WebPage","@id":"https:\/\/ecotous.tn\/%d9%84%d8%ac%d9%86%d8%a9-%d8%a7%d9%84%d8%ae%d8%a8%d8%b1%d8%a7%d8%a1-%d8%a7%d9%84%d8%b9%d9%84%d9%85%d9%8a%d8%a9\/m-majdi-hassen\/","url":"https:\/\/ecotous.tn\/%d9%84%d8%ac%d9%86%d8%a9-%d8%a7%d9%84%d8%ae%d8%a8%d8%b1%d8%a7%d8%a1-%d8%a7%d9%84%d8%b9%d9%84%d9%85%d9%8a%d8%a9\/m-majdi-hassen\/","name":"M. Majdi Hassen - Ecotous","isPartOf":{"@id":"https:\/\/ecotous.tn\/#website"},"datePublished":"2025-04-17T11:51:55+00:00","breadcrumb":{"@id":"https:\/\/ecotous.tn\/%d9%84%d8%ac%d9%86%d8%a9-%d8%a7%d9%84%d8%ae%d8%a8%d8%b1%d8%a7%d8%a1-%d8%a7%d9%84%d8%b9%d9%84%d9%85%d9%8a%d8%a9\/m-majdi-hassen\/#breadcrumb"},"inLanguage":"ar","potentialAction":[{"@type":"ReadAction","target":["https:\/\/ecotous.tn\/%d9%84%d8%ac%d9%86%d8%a9-%d8%a7%d9%84%d8%ae%d8%a8%d8%b1%d8%a7%d8%a1-%d8%a7%d9%84%d8%b9%d9%84%d9%85%d9%8a%d8%a9\/m-majdi-hassen\/"]}]},{"@type":"BreadcrumbList","@id":"https:\/\/ecotous.tn\/%d9%84%d8%ac%d9%86%d8%a9-%d8%a7%d9%84%d8%ae%d8%a8%d8%b1%d8%a7%d8%a1-%d8%a7%d9%84%d8%b9%d9%84%d9%85%d9%8a%d8%a9\/m-majdi-hassen\/#breadcrumb","itemListElement":[{"@type":"ListItem","position":1,"name":"Accueil","item":"https:\/\/ecotous.tn\/"},{"@type":"ListItem","position":2,"name":"\u0644\u062c\u0646\u0629 \u0627\u0644\u062e\u0628\u0631\u0627\u0621 \u0627\u0644\u0639\u0644\u0645\u064a\u0629","item":"https:\/\/ecotous.tn\/ar\/%d9%84%d8%ac%d9%86%d8%a9-%d8%a7%d9%84%d8%ae%d8%a8%d8%b1%d8%a7%d8%a1-%d8%a7%d9%84%d8%b9%d9%84%d9%85%d9%8a%d8%a9\/"},{"@type":"ListItem","position":3,"name":"M. Majdi Hassen"}]},{"@type":"WebSite","@id":"https:\/\/ecotous.tn\/#website","url":"https:\/\/ecotous.tn\/","name":"Ecotous","description":"La recherche \u00e9conomique \u00e0 la port\u00e9e de tous\u200b","publisher":{"@id":"https:\/\/ecotous.tn\/#organization"},"potentialAction":[{"@type":"SearchAction","target":{"@type":"EntryPoint","urlTemplate":"https:\/\/ecotous.tn\/?s={search_term_string}"},"query-input":{"@type":"PropertyValueSpecification","valueRequired":true,"valueName":"search_term_string"}}],"inLanguage":"ar"},{"@type":"Organization","@id":"https:\/\/ecotous.tn\/#organization","name":"Ecotous","url":"https:\/\/ecotous.tn\/","logo":{"@type":"ImageObject","inLanguage":"ar","@id":"https:\/\/ecotous.tn\/#\/schema\/logo\/image\/","url":"https:\/\/ecotous.tn\/wp-content\/uploads\/2024\/03\/7d52d007-peny-grow-logo.png","contentUrl":"https:\/\/ecotous.tn\/wp-content\/uploads\/2024\/03\/7d52d007-peny-grow-logo.png","width":296,"height":60,"caption":"Ecotous"},"image":{"@id":"https:\/\/ecotous.tn\/#\/schema\/logo\/image\/"}}]}},"_links":{"self":[{"href":"https:\/\/ecotous.tn\/ar\/wp-json\/wp\/v2\/pages\/7890","targetHints":{"allow":["GET"]}}],"collection":[{"href":"https:\/\/ecotous.tn\/ar\/wp-json\/wp\/v2\/pages"}],"about":[{"href":"https:\/\/ecotous.tn\/ar\/wp-json\/wp\/v2\/types\/page"}],"author":[{"embeddable":true,"href":"https:\/\/ecotous.tn\/ar\/wp-json\/wp\/v2\/users\/1"}],"replies":[{"embeddable":true,"href":"https:\/\/ecotous.tn\/ar\/wp-json\/wp\/v2\/comments?post=7890"}],"version-history":[{"count":1,"href":"https:\/\/ecotous.tn\/ar\/wp-json\/wp\/v2\/pages\/7890\/revisions"}],"predecessor-version":[{"id":7911,"href":"https:\/\/ecotous.tn\/ar\/wp-json\/wp\/v2\/pages\/7890\/revisions\/7911"}],"up":[{"embeddable":true,"href":"https:\/\/ecotous.tn\/ar\/wp-json\/wp\/v2\/pages\/7872"}],"wp:attachment":[{"href":"https:\/\/ecotous.tn\/ar\/wp-json\/wp\/v2\/media?parent=7890"}],"curies":[{"name":"wp","href":"https:\/\/api.w.org\/{rel}","templated":true}]}}