{"id":7886,"date":"2025-04-17T13:34:29","date_gmt":"2025-04-17T11:34:29","guid":{"rendered":"https:\/\/ecotous.tn\/%d9%84%d8%ac%d9%86%d8%a9-%d8%a7%d9%84%d8%ae%d8%a8%d8%b1%d8%a7%d8%a1-%d8%a7%d9%84%d8%b9%d9%84%d9%85%d9%8a%d8%a9\/m-maher-gassab\/"},"modified":"2026-04-08T16:27:57","modified_gmt":"2026-04-08T14:27:57","slug":"m-maher-gassab","status":"publish","type":"page","link":"https:\/\/ecotous.tn\/ar\/%d9%84%d8%ac%d9%86%d8%a9-%d8%a7%d9%84%d8%ae%d8%a8%d8%b1%d8%a7%d8%a1-%d8%a7%d9%84%d8%b9%d9%84%d9%85%d9%8a%d8%a9\/m-maher-gassab\/","title":{"rendered":"M. Maher Gassab"},"content":{"rendered":"\t\t<div data-elementor-type=\"wp-page\" data-elementor-id=\"7886\" class=\"elementor elementor-7886\">\n\t\t\t\t\t\t<section data-particle_enable=\"true\" class=\"eael-section-particles-710a29e8 elementor-section elementor-top-section elementor-element elementor-element-710a29e8 elementor-section-boxed elementor-section-height-default elementor-section-height-default\" data-eael_ptheme_source=\"presets\" data-preset_theme=\"nasa\" data-custom_style=\"\" data-particle_opacity=\"0.19\" data-particle_speed=\"2\" data-particle-mobile-disabled=\"false\" data-id=\"710a29e8\" data-element_type=\"section\" id=\"cta-section\" data-settings=\"{&quot;background_background&quot;:&quot;classic&quot;}\">\n\t\t\t\t\t\t<div class=\"elementor-container elementor-column-gap-default\">\n\t\t\t\t\t<div class=\"elementor-column elementor-col-100 elementor-top-column elementor-element elementor-element-5c2c984e\" data-id=\"5c2c984e\" data-element_type=\"column\">\n\t\t\t<div class=\"elementor-widget-wrap elementor-element-populated\">\n\t\t\t\t\t\t<section data-particle_enable=\"false\" data-particle-mobile-disabled=\"false\" class=\"elementor-section elementor-inner-section elementor-element elementor-element-63f04a0a elementor-section-boxed elementor-section-height-default elementor-section-height-default\" data-id=\"63f04a0a\" data-element_type=\"section\">\n\t\t\t\t\t\t<div class=\"elementor-container elementor-column-gap-default\">\n\t\t\t\t\t<div class=\"elementor-column elementor-col-100 elementor-inner-column elementor-element elementor-element-a217ed7\" data-id=\"a217ed7\" data-element_type=\"column\">\n\t\t\t<div class=\"elementor-widget-wrap elementor-element-populated\">\n\t\t\t\t\t\t<div class=\"elementor-element elementor-element-298cc166 animated-slow elementor-invisible elementor-widget elementor-widget-heading\" data-id=\"298cc166\" data-element_type=\"widget\" data-settings=\"{&quot;_animation&quot;:&quot;fadeInUp&quot;}\" data-widget_type=\"heading.default\">\n\t\t\t\t<div class=\"elementor-widget-container\">\n\t\t\t\t\t<h2 class=\"elementor-heading-title elementor-size-default\">\u0627\u0644\u0633\u064a\u062f \u0645\u0627\u0647\u0631 \u0642\u0635\u0627\u0628<\/h2>\t\t\t\t<\/div>\n\t\t\t\t<\/div>\n\t\t\t\t\t<\/div>\n\t\t<\/div>\n\t\t\t\t\t<\/div>\n\t\t<\/section>\n\t\t\t\t\t<\/div>\n\t\t<\/div>\n\t\t\t\t\t<\/div>\n\t\t<\/section>\n\t\t            <style>\n                .elementor-element-710a29e8.eael-particles-section > canvas {\n                    z-index: -1;\n                    position: absolute;\n                    top:0;\n                }\n            <\/style>\n        <div data-particle_enable=\"false\" data-particle-mobile-disabled=\"false\" class=\"elementor-element elementor-element-3489900 e-flex e-con-boxed e-con e-parent\" data-id=\"3489900\" data-element_type=\"container\">\n\t\t\t\t\t<div class=\"e-con-inner\">\n\t\t\t\t<div class=\"elementor-element elementor-element-640dab8 elementor-widget elementor-widget-text-editor\" data-id=\"640dab8\" data-element_type=\"widget\" data-widget_type=\"text-editor.default\">\n\t\t\t\t<div class=\"elementor-widget-container\">\n\t\t\t\t\t\t\t\t\t<h3 style=\"text-align: center;\"><span style=\"color: #999999;\"><b>\u00a0<\/b><i><span style=\"font-weight: 400;\">\u0623\u0633\u062a\u0627\u0630 \u0627\u0644\u062a\u0639\u0644\u064a\u0645 \u0627\u0644\u0639\u0627\u0644\u064a \u0641\u064a \u0627\u0644\u0639\u0644\u0648\u0645 \u0627\u0644\u0627\u0642\u062a\u0635\u0627\u062f\u064a\u0629<\/span><\/i><\/span><\/h3><p><span style=\"font-weight: 400;\">\u064a\u0634\u063a\u0644 \u0645\u0646\u0635\u0628 \u0623\u0633\u062a\u0627\u0630 \u0627\u0644\u062a\u0639\u0644\u064a\u0645 \u0627\u0644\u0639\u0627\u0644\u064a \u0641\u064a \u0627\u0644\u0639\u0644\u0648\u0645 \u0627\u0644\u0627\u0642\u062a\u0635\u0627\u062f\u064a\u0629 \u0628\u0627\u0644\u0645\u062f\u0631\u0633\u0629 \u0627\u0644\u0639\u0644\u064a\u0627 \u0644\u0644\u062a\u062c\u0627\u0631\u0629 \u0628\u062a\u0648\u0646\u0633. \u0639\u0636\u0648 \u0645\u0624\u0633\u0633 \u0644\u0645\u062e\u0628\u0631 \u0627\u0644\u0628\u062d\u062b ThEMA \u0628\u062c\u0627\u0645\u0639\u0629 \u0645\u0646\u0648\u0628\u0629 \u0645\u0646\u0630 2016\u060c \u0648\u0639\u0636\u0648 \u0645\u0624\u0633\u0633 \u0644\u0644\u0645\u0631\u0635\u062f \u0627\u0644\u0623\u0641\u0631\u064a\u0642\u064a \u0644\u0644\u062a\u0645\u0648\u064a\u0644 \u0627\u0644\u0645\u0633\u062a\u062f\u0627\u0645 (OAFD). \u062a\u0634\u0645\u0644 \u0627\u0647\u062a\u0645\u0627\u0645\u0627\u062a\u0647 \u0627\u0644\u0628\u062d\u062b\u064a\u0629 \u0627\u0644\u0627\u0642\u062a\u0635\u0627\u062f \u0627\u0644\u0639\u0627\u0645 \u0648\u0627\u0642\u062a\u0635\u0627\u062f \u0627\u0644\u0628\u064a\u0626\u0629 \u0648\u0627\u0644\u062d\u0648\u0643\u0645\u0629.<\/span><\/p>\t\t\t\t\t\t\t\t<\/div>\n\t\t\t\t<\/div>\n\t\t\t\t\t<\/div>\n\t\t\t\t<\/div>\n\t\t\t\t<\/div>\n\t\t","protected":false},"excerpt":{"rendered":"<p>\u0627\u0644\u0633\u064a\u062f \u0645\u0627\u0647\u0631 \u0642\u0635\u0627\u0628 \u00a0\u0623\u0633\u062a\u0627\u0630 \u0627\u0644\u062a\u0639\u0644\u064a\u0645 \u0627\u0644\u0639\u0627\u0644\u064a \u0641\u064a \u0627\u0644\u0639\u0644\u0648\u0645 \u0627\u0644\u0627\u0642\u062a\u0635\u0627\u062f\u064a\u0629 \u064a\u0634\u063a\u0644 \u0645\u0646\u0635\u0628 \u0623\u0633\u062a\u0627\u0630 \u0627\u0644\u062a\u0639\u0644\u064a\u0645 \u0627\u0644\u0639\u0627\u0644\u064a \u0641\u064a \u0627\u0644\u0639\u0644\u0648\u0645 \u0627\u0644\u0627\u0642\u062a\u0635\u0627\u062f\u064a\u0629 \u0628\u0627\u0644\u0645\u062f\u0631\u0633\u0629 \u0627\u0644\u0639\u0644\u064a\u0627 \u0644\u0644\u062a\u062c\u0627\u0631\u0629 \u0628\u062a\u0648\u0646\u0633. \u0639\u0636\u0648 \u0645\u0624\u0633\u0633 \u0644\u0645\u062e\u0628\u0631 \u0627\u0644\u0628\u062d\u062b ThEMA \u0628\u062c\u0627\u0645\u0639\u0629 \u0645\u0646\u0648\u0628\u0629 \u0645\u0646\u0630 2016\u060c \u0648\u0639\u0636\u0648 \u0645\u0624\u0633\u0633 \u0644\u0644\u0645\u0631\u0635\u062f \u0627\u0644\u0623\u0641\u0631\u064a\u0642\u064a \u0644\u0644\u062a\u0645\u0648\u064a\u0644 \u0627\u0644\u0645\u0633\u062a\u062f\u0627\u0645 (OAFD). \u062a\u0634\u0645\u0644 \u0627\u0647\u062a\u0645\u0627\u0645\u0627\u062a\u0647 \u0627\u0644\u0628\u062d\u062b\u064a\u0629 \u0627\u0644\u0627\u0642\u062a\u0635\u0627\u062f \u0627\u0644\u0639\u0627\u0645 \u0648\u0627\u0642\u062a\u0635\u0627\u062f \u0627\u0644\u0628\u064a\u0626\u0629 \u0648\u0627\u0644\u062d\u0648\u0643\u0645\u0629.<\/p>\n","protected":false},"author":1,"featured_media":0,"parent":7872,"menu_order":0,"comment_status":"closed","ping_status":"closed","template":"","meta":{"footnotes":""},"class_list":["post-7886","page","type-page","status-publish"],"yoast_head":"<!-- This site is optimized with the Yoast SEO plugin v25.3.1 - https:\/\/yoast.com\/wordpress\/plugins\/seo\/ -->\n<title>M. Maher Gassab - Ecotous<\/title>\n<meta name=\"robots\" content=\"index, follow, max-snippet:-1, max-image-preview:large, max-video-preview:-1\" \/>\n<link rel=\"canonical\" href=\"https:\/\/ecotous.tn\/ar\/\u0644\u062c\u0646\u0629-\u0627\u0644\u062e\u0628\u0631\u0627\u0621-\u0627\u0644\u0639\u0644\u0645\u064a\u0629\/m-maher-gassab\/\" \/>\n<meta property=\"og:locale\" content=\"ar_AR\" \/>\n<meta property=\"og:type\" content=\"article\" \/>\n<meta property=\"og:title\" content=\"M. Maher Gassab - Ecotous\" \/>\n<meta property=\"og:description\" content=\"\u0627\u0644\u0633\u064a\u062f \u0645\u0627\u0647\u0631 \u0642\u0635\u0627\u0628 \u00a0\u0623\u0633\u062a\u0627\u0630 \u0627\u0644\u062a\u0639\u0644\u064a\u0645 \u0627\u0644\u0639\u0627\u0644\u064a \u0641\u064a \u0627\u0644\u0639\u0644\u0648\u0645 \u0627\u0644\u0627\u0642\u062a\u0635\u0627\u062f\u064a\u0629 \u064a\u0634\u063a\u0644 \u0645\u0646\u0635\u0628 \u0623\u0633\u062a\u0627\u0630 \u0627\u0644\u062a\u0639\u0644\u064a\u0645 \u0627\u0644\u0639\u0627\u0644\u064a \u0641\u064a \u0627\u0644\u0639\u0644\u0648\u0645 \u0627\u0644\u0627\u0642\u062a\u0635\u0627\u062f\u064a\u0629 \u0628\u0627\u0644\u0645\u062f\u0631\u0633\u0629 \u0627\u0644\u0639\u0644\u064a\u0627 \u0644\u0644\u062a\u062c\u0627\u0631\u0629 \u0628\u062a\u0648\u0646\u0633. \u0639\u0636\u0648 \u0645\u0624\u0633\u0633 \u0644\u0645\u062e\u0628\u0631 \u0627\u0644\u0628\u062d\u062b ThEMA \u0628\u062c\u0627\u0645\u0639\u0629 \u0645\u0646\u0648\u0628\u0629 \u0645\u0646\u0630 2016\u060c \u0648\u0639\u0636\u0648 \u0645\u0624\u0633\u0633 \u0644\u0644\u0645\u0631\u0635\u062f \u0627\u0644\u0623\u0641\u0631\u064a\u0642\u064a \u0644\u0644\u062a\u0645\u0648\u064a\u0644 \u0627\u0644\u0645\u0633\u062a\u062f\u0627\u0645 (OAFD). \u062a\u0634\u0645\u0644 \u0627\u0647\u062a\u0645\u0627\u0645\u0627\u062a\u0647 \u0627\u0644\u0628\u062d\u062b\u064a\u0629 \u0627\u0644\u0627\u0642\u062a\u0635\u0627\u062f \u0627\u0644\u0639\u0627\u0645 \u0648\u0627\u0642\u062a\u0635\u0627\u062f \u0627\u0644\u0628\u064a\u0626\u0629 \u0648\u0627\u0644\u062d\u0648\u0643\u0645\u0629.\" \/>\n<meta property=\"og:url\" content=\"https:\/\/ecotous.tn\/ar\/\u0644\u062c\u0646\u0629-\u0627\u0644\u062e\u0628\u0631\u0627\u0621-\u0627\u0644\u0639\u0644\u0645\u064a\u0629\/m-maher-gassab\/\" \/>\n<meta property=\"og:site_name\" content=\"Ecotous\" \/>\n<meta property=\"article:modified_time\" content=\"2026-04-08T14:27:57+00:00\" \/>\n<meta name=\"twitter:card\" content=\"summary_large_image\" \/>\n<meta name=\"twitter:label1\" content=\"\u0648\u0642\u062a \u0627\u0644\u0642\u0631\u0627\u0621\u0629 \u0627\u0644\u0645\u064f\u0642\u062f\u0651\u0631\" \/>\n\t<meta name=\"twitter:data1\" content=\"\u062f\u0642\u064a\u0642\u0629 \u0648\u0627\u062d\u062f\u0629\" \/>\n<script type=\"application\/ld+json\" class=\"yoast-schema-graph\">{\"@context\":\"https:\/\/schema.org\",\"@graph\":[{\"@type\":\"WebPage\",\"@id\":\"https:\/\/ecotous.tn\/ar\/%d9%84%d8%ac%d9%86%d8%a9-%d8%a7%d9%84%d8%ae%d8%a8%d8%b1%d8%a7%d8%a1-%d8%a7%d9%84%d8%b9%d9%84%d9%85%d9%8a%d8%a9\/m-maher-gassab\/\",\"url\":\"https:\/\/ecotous.tn\/ar\/%d9%84%d8%ac%d9%86%d8%a9-%d8%a7%d9%84%d8%ae%d8%a8%d8%b1%d8%a7%d8%a1-%d8%a7%d9%84%d8%b9%d9%84%d9%85%d9%8a%d8%a9\/m-maher-gassab\/\",\"name\":\"M. Maher Gassab - Ecotous\",\"isPartOf\":{\"@id\":\"https:\/\/ecotous.tn\/#website\"},\"datePublished\":\"2025-04-17T11:34:29+00:00\",\"dateModified\":\"2026-04-08T14:27:57+00:00\",\"breadcrumb\":{\"@id\":\"https:\/\/ecotous.tn\/ar\/%d9%84%d8%ac%d9%86%d8%a9-%d8%a7%d9%84%d8%ae%d8%a8%d8%b1%d8%a7%d8%a1-%d8%a7%d9%84%d8%b9%d9%84%d9%85%d9%8a%d8%a9\/m-maher-gassab\/#breadcrumb\"},\"inLanguage\":\"ar\",\"potentialAction\":[{\"@type\":\"ReadAction\",\"target\":[\"https:\/\/ecotous.tn\/ar\/%d9%84%d8%ac%d9%86%d8%a9-%d8%a7%d9%84%d8%ae%d8%a8%d8%b1%d8%a7%d8%a1-%d8%a7%d9%84%d8%b9%d9%84%d9%85%d9%8a%d8%a9\/m-maher-gassab\/\"]}]},{\"@type\":\"BreadcrumbList\",\"@id\":\"https:\/\/ecotous.tn\/ar\/%d9%84%d8%ac%d9%86%d8%a9-%d8%a7%d9%84%d8%ae%d8%a8%d8%b1%d8%a7%d8%a1-%d8%a7%d9%84%d8%b9%d9%84%d9%85%d9%8a%d8%a9\/m-maher-gassab\/#breadcrumb\",\"itemListElement\":[{\"@type\":\"ListItem\",\"position\":1,\"name\":\"Accueil\",\"item\":\"https:\/\/ecotous.tn\/\"},{\"@type\":\"ListItem\",\"position\":2,\"name\":\"\u0644\u062c\u0646\u0629 \u0627\u0644\u062e\u0628\u0631\u0627\u0621 \u0627\u0644\u0639\u0644\u0645\u064a\u0629\",\"item\":\"https:\/\/ecotous.tn\/ar\/%d9%84%d8%ac%d9%86%d8%a9-%d8%a7%d9%84%d8%ae%d8%a8%d8%b1%d8%a7%d8%a1-%d8%a7%d9%84%d8%b9%d9%84%d9%85%d9%8a%d8%a9\/\"},{\"@type\":\"ListItem\",\"position\":3,\"name\":\"M. Maher Gassab\"}]},{\"@type\":\"WebSite\",\"@id\":\"https:\/\/ecotous.tn\/#website\",\"url\":\"https:\/\/ecotous.tn\/\",\"name\":\"Ecotous\",\"description\":\"La recherche \u00e9conomique \u00e0 la port\u00e9e de tous\u200b\",\"publisher\":{\"@id\":\"https:\/\/ecotous.tn\/#organization\"},\"potentialAction\":[{\"@type\":\"SearchAction\",\"target\":{\"@type\":\"EntryPoint\",\"urlTemplate\":\"https:\/\/ecotous.tn\/?s={search_term_string}\"},\"query-input\":{\"@type\":\"PropertyValueSpecification\",\"valueRequired\":true,\"valueName\":\"search_term_string\"}}],\"inLanguage\":\"ar\"},{\"@type\":\"Organization\",\"@id\":\"https:\/\/ecotous.tn\/#organization\",\"name\":\"Ecotous\",\"url\":\"https:\/\/ecotous.tn\/\",\"logo\":{\"@type\":\"ImageObject\",\"inLanguage\":\"ar\",\"@id\":\"https:\/\/ecotous.tn\/#\/schema\/logo\/image\/\",\"url\":\"https:\/\/ecotous.tn\/wp-content\/uploads\/2024\/03\/7d52d007-peny-grow-logo.png\",\"contentUrl\":\"https:\/\/ecotous.tn\/wp-content\/uploads\/2024\/03\/7d52d007-peny-grow-logo.png\",\"width\":296,\"height\":60,\"caption\":\"Ecotous\"},\"image\":{\"@id\":\"https:\/\/ecotous.tn\/#\/schema\/logo\/image\/\"}}]}<\/script>\n<!-- \/ Yoast SEO plugin. -->","yoast_head_json":{"title":"M. Maher Gassab - Ecotous","robots":{"index":"index","follow":"follow","max-snippet":"max-snippet:-1","max-image-preview":"max-image-preview:large","max-video-preview":"max-video-preview:-1"},"canonical":"https:\/\/ecotous.tn\/ar\/\u0644\u062c\u0646\u0629-\u0627\u0644\u062e\u0628\u0631\u0627\u0621-\u0627\u0644\u0639\u0644\u0645\u064a\u0629\/m-maher-gassab\/","og_locale":"ar_AR","og_type":"article","og_title":"M. Maher Gassab - Ecotous","og_description":"\u0627\u0644\u0633\u064a\u062f \u0645\u0627\u0647\u0631 \u0642\u0635\u0627\u0628 \u00a0\u0623\u0633\u062a\u0627\u0630 \u0627\u0644\u062a\u0639\u0644\u064a\u0645 \u0627\u0644\u0639\u0627\u0644\u064a \u0641\u064a \u0627\u0644\u0639\u0644\u0648\u0645 \u0627\u0644\u0627\u0642\u062a\u0635\u0627\u062f\u064a\u0629 \u064a\u0634\u063a\u0644 \u0645\u0646\u0635\u0628 \u0623\u0633\u062a\u0627\u0630 \u0627\u0644\u062a\u0639\u0644\u064a\u0645 \u0627\u0644\u0639\u0627\u0644\u064a \u0641\u064a \u0627\u0644\u0639\u0644\u0648\u0645 \u0627\u0644\u0627\u0642\u062a\u0635\u0627\u062f\u064a\u0629 \u0628\u0627\u0644\u0645\u062f\u0631\u0633\u0629 \u0627\u0644\u0639\u0644\u064a\u0627 \u0644\u0644\u062a\u062c\u0627\u0631\u0629 \u0628\u062a\u0648\u0646\u0633. \u0639\u0636\u0648 \u0645\u0624\u0633\u0633 \u0644\u0645\u062e\u0628\u0631 \u0627\u0644\u0628\u062d\u062b ThEMA \u0628\u062c\u0627\u0645\u0639\u0629 \u0645\u0646\u0648\u0628\u0629 \u0645\u0646\u0630 2016\u060c \u0648\u0639\u0636\u0648 \u0645\u0624\u0633\u0633 \u0644\u0644\u0645\u0631\u0635\u062f \u0627\u0644\u0623\u0641\u0631\u064a\u0642\u064a \u0644\u0644\u062a\u0645\u0648\u064a\u0644 \u0627\u0644\u0645\u0633\u062a\u062f\u0627\u0645 (OAFD). \u062a\u0634\u0645\u0644 \u0627\u0647\u062a\u0645\u0627\u0645\u0627\u062a\u0647 \u0627\u0644\u0628\u062d\u062b\u064a\u0629 \u0627\u0644\u0627\u0642\u062a\u0635\u0627\u062f \u0627\u0644\u0639\u0627\u0645 \u0648\u0627\u0642\u062a\u0635\u0627\u062f \u0627\u0644\u0628\u064a\u0626\u0629 \u0648\u0627\u0644\u062d\u0648\u0643\u0645\u0629.","og_url":"https:\/\/ecotous.tn\/ar\/\u0644\u062c\u0646\u0629-\u0627\u0644\u062e\u0628\u0631\u0627\u0621-\u0627\u0644\u0639\u0644\u0645\u064a\u0629\/m-maher-gassab\/","og_site_name":"Ecotous","article_modified_time":"2026-04-08T14:27:57+00:00","twitter_card":"summary_large_image","twitter_misc":{"\u0648\u0642\u062a \u0627\u0644\u0642\u0631\u0627\u0621\u0629 \u0627\u0644\u0645\u064f\u0642\u062f\u0651\u0631":"\u062f\u0642\u064a\u0642\u0629 \u0648\u0627\u062d\u062f\u0629"},"schema":{"@context":"https:\/\/schema.org","@graph":[{"@type":"WebPage","@id":"https:\/\/ecotous.tn\/ar\/%d9%84%d8%ac%d9%86%d8%a9-%d8%a7%d9%84%d8%ae%d8%a8%d8%b1%d8%a7%d8%a1-%d8%a7%d9%84%d8%b9%d9%84%d9%85%d9%8a%d8%a9\/m-maher-gassab\/","url":"https:\/\/ecotous.tn\/ar\/%d9%84%d8%ac%d9%86%d8%a9-%d8%a7%d9%84%d8%ae%d8%a8%d8%b1%d8%a7%d8%a1-%d8%a7%d9%84%d8%b9%d9%84%d9%85%d9%8a%d8%a9\/m-maher-gassab\/","name":"M. Maher Gassab - Ecotous","isPartOf":{"@id":"https:\/\/ecotous.tn\/#website"},"datePublished":"2025-04-17T11:34:29+00:00","dateModified":"2026-04-08T14:27:57+00:00","breadcrumb":{"@id":"https:\/\/ecotous.tn\/ar\/%d9%84%d8%ac%d9%86%d8%a9-%d8%a7%d9%84%d8%ae%d8%a8%d8%b1%d8%a7%d8%a1-%d8%a7%d9%84%d8%b9%d9%84%d9%85%d9%8a%d8%a9\/m-maher-gassab\/#breadcrumb"},"inLanguage":"ar","potentialAction":[{"@type":"ReadAction","target":["https:\/\/ecotous.tn\/ar\/%d9%84%d8%ac%d9%86%d8%a9-%d8%a7%d9%84%d8%ae%d8%a8%d8%b1%d8%a7%d8%a1-%d8%a7%d9%84%d8%b9%d9%84%d9%85%d9%8a%d8%a9\/m-maher-gassab\/"]}]},{"@type":"BreadcrumbList","@id":"https:\/\/ecotous.tn\/ar\/%d9%84%d8%ac%d9%86%d8%a9-%d8%a7%d9%84%d8%ae%d8%a8%d8%b1%d8%a7%d8%a1-%d8%a7%d9%84%d8%b9%d9%84%d9%85%d9%8a%d8%a9\/m-maher-gassab\/#breadcrumb","itemListElement":[{"@type":"ListItem","position":1,"name":"Accueil","item":"https:\/\/ecotous.tn\/"},{"@type":"ListItem","position":2,"name":"\u0644\u062c\u0646\u0629 \u0627\u0644\u062e\u0628\u0631\u0627\u0621 \u0627\u0644\u0639\u0644\u0645\u064a\u0629","item":"https:\/\/ecotous.tn\/ar\/%d9%84%d8%ac%d9%86%d8%a9-%d8%a7%d9%84%d8%ae%d8%a8%d8%b1%d8%a7%d8%a1-%d8%a7%d9%84%d8%b9%d9%84%d9%85%d9%8a%d8%a9\/"},{"@type":"ListItem","position":3,"name":"M. Maher Gassab"}]},{"@type":"WebSite","@id":"https:\/\/ecotous.tn\/#website","url":"https:\/\/ecotous.tn\/","name":"Ecotous","description":"La recherche \u00e9conomique \u00e0 la port\u00e9e de tous\u200b","publisher":{"@id":"https:\/\/ecotous.tn\/#organization"},"potentialAction":[{"@type":"SearchAction","target":{"@type":"EntryPoint","urlTemplate":"https:\/\/ecotous.tn\/?s={search_term_string}"},"query-input":{"@type":"PropertyValueSpecification","valueRequired":true,"valueName":"search_term_string"}}],"inLanguage":"ar"},{"@type":"Organization","@id":"https:\/\/ecotous.tn\/#organization","name":"Ecotous","url":"https:\/\/ecotous.tn\/","logo":{"@type":"ImageObject","inLanguage":"ar","@id":"https:\/\/ecotous.tn\/#\/schema\/logo\/image\/","url":"https:\/\/ecotous.tn\/wp-content\/uploads\/2024\/03\/7d52d007-peny-grow-logo.png","contentUrl":"https:\/\/ecotous.tn\/wp-content\/uploads\/2024\/03\/7d52d007-peny-grow-logo.png","width":296,"height":60,"caption":"Ecotous"},"image":{"@id":"https:\/\/ecotous.tn\/#\/schema\/logo\/image\/"}}]}},"_links":{"self":[{"href":"https:\/\/ecotous.tn\/ar\/wp-json\/wp\/v2\/pages\/7886","targetHints":{"allow":["GET"]}}],"collection":[{"href":"https:\/\/ecotous.tn\/ar\/wp-json\/wp\/v2\/pages"}],"about":[{"href":"https:\/\/ecotous.tn\/ar\/wp-json\/wp\/v2\/types\/page"}],"author":[{"embeddable":true,"href":"https:\/\/ecotous.tn\/ar\/wp-json\/wp\/v2\/users\/1"}],"replies":[{"embeddable":true,"href":"https:\/\/ecotous.tn\/ar\/wp-json\/wp\/v2\/comments?post=7886"}],"version-history":[{"count":3,"href":"https:\/\/ecotous.tn\/ar\/wp-json\/wp\/v2\/pages\/7886\/revisions"}],"predecessor-version":[{"id":7907,"href":"https:\/\/ecotous.tn\/ar\/wp-json\/wp\/v2\/pages\/7886\/revisions\/7907"}],"up":[{"embeddable":true,"href":"https:\/\/ecotous.tn\/ar\/wp-json\/wp\/v2\/pages\/7872"}],"wp:attachment":[{"href":"https:\/\/ecotous.tn\/ar\/wp-json\/wp\/v2\/media?parent=7886"}],"curies":[{"name":"wp","href":"https:\/\/api.w.org\/{rel}","templated":true}]}}